{"id":13,"date":"2016-03-30T01:59:16","date_gmt":"2016-03-30T01:59:16","guid":{"rendered":"http:\/\/www.societyforritualarts.org\/coreopsis\/spring-2016-issue\/?page_id=13"},"modified":"2016-04-02T04:15:39","modified_gmt":"2016-04-02T04:15:39","slug":"table-of-contents","status":"publish","type":"page","link":"https:\/\/societyforritualarts.org\/coreopsis\/spring-2016-issue\/table-of-contents\/","title":{"rendered":"Table of Contents"},"content":{"rendered":"<h2 style=\"text-align: left;\"><span style=\"color: #000000;\">Spring 2016 Vol 5 No 1<\/span><\/h2>\n<p style=\"text-align: left;\"><span style=\"color: #000000;\">ISSN 2333-0627<\/span><\/p>\n<h3 style=\"text-align: left;\"><span style=\"color: #000000;\">Faery Dreams\u2026 and, Dreaming of Faery<\/span><\/h3>\n<p style=\"text-align: center;\"><span style=\"color: #000000;\">\u201c<em>Picture yourself, for instance curled up all cozy in your blankets in the bole or the roots of a fairy tree. Or lying in a gently rocking boat sailing to Tir Nan Og. Or lazily sipping elf-wine by a warm fire. \u00a0Or lying out in a meadow with the stars wheeling overhead and the fairies all around<\/em>.\u201d<\/span><\/p>\n<p style=\"text-align: center;\"><span style=\"color: #000000;\">\u2013 Dolores J. Nurss, Faery Dreaming<\/span><\/p>\n<p><span style=\"color: #000000;\"><strong><u>Editorials<\/u><\/strong><\/span><\/p>\n<p><a href=\"https:\/\/societyforritualarts.org\/coreopsis\/spring-2016-issueeditorial-wandering-in-faery\/\">Editorial: Wandering In Faery<\/a><\/p>\n<p><a href=\"https:\/\/societyforritualarts.org\/coreopsis\/spring-2016-issueeditorial-wandering-in-faery\/\">Ladies of the Darkness: Trows, Rusalki, Vampires, and White Ladies of Literature and Folklore Lezlie Kinyon, Ph.D.\u00a0<\/a><\/p>\n<p><span style=\"color: #000000;\">Stories of undead maidens leading people to their doom appear throughout history, from the ancient Wild Hunt legends to the popular vampire novels of Victorian England.<\/span><\/p>\n<p><span style=\"color: #000000;\"><strong><u>Things That Need Speaking To:<\/u><\/strong><\/span><\/p>\n<p><span style=\"color: #000000;\"><strong>The Inaugural Lost Chord Awards, January 23, 2016<\/strong><\/span><\/p>\n<ul>\n<li><em><a href=\"https:\/\/societyforritualarts.org\/coreopsis\/spring-2016-issueinterview-sharon-knight-winter\/\">Interview with the Awardees Sharon Knight and Winter: Lost Chord Award Recipients by Jenna Far Ludwin<\/a><\/em><\/li>\n<\/ul>\n<p><span style=\"color: #000000;\">The winners of this year&#8217;s Lost Chord Award discuss the music of enchantment.<\/span><\/p>\n<ul>\n<li><a href=\"https:\/\/societyforritualarts.org\/coreopsis\/spring-2016-issuesong-and-spirit\/\"><em>Song and Spirit: Meditation from keynote speech, Lost Chord Award Banquet, January 23, 2016 <\/em>Diana L. Paxson<\/a><\/li>\n<\/ul>\n<p><span style=\"color: #000000;\">Praise to artist, dancer and bard, who have helped us to see beauty since &#8220;the morning of the world.&#8221;<\/span><\/p>\n<ul>\n<li><a href=\"https:\/\/societyforritualarts.org\/coreopsis\/spring-2016-issuetheatrical-considerations-in-ritual\/\">Theatrical considerations in Ritual Oberon Zell-Ravenheart<\/a><\/li>\n<\/ul>\n<p>Why aspiring priests and priestesses would do well to join a community theater.<\/p>\n<ul>\n<li><a href=\"https:\/\/societyforritualarts.org\/coreopsis\/spring-2016-issuepatrick-mccollum-receives-ralph-bunchie-medal-for-peace\/\">Patrick McCollum Receives Ralph Bunchie Medal for Peace<\/a><\/li>\n<\/ul>\n<p>A Community Member Acknowledged for his Work to Bring World Peace.<\/p>\n<p><span style=\"color: #000000;\"><strong><u>Between the Worlds, Wisdom from <em>The Coreopsis<\/em> Artist in Residence<\/u><\/strong><\/span><\/p>\n<ul>\n<li><a href=\"https:\/\/societyforritualarts.org\/coreopsis\/spring-2016-issuefrom-the-old-king-to-the-new-king\/\">From the Old King to the New King:<\/a><\/li>\n<\/ul>\n<p><span style=\"color: #000000;\">Introducing: Chip Thomas Artist in Residence for 2016<\/span><\/p>\n<ul>\n<li><a href=\"https:\/\/societyforritualarts.org\/coreopsis\/spring-2016-issuethe-dog-headed-girl\/\">The Dog Headed\u00a0Girl, by Ivan Szendro<\/a><\/li>\n<li><em><a href=\"https:\/\/societyforritualarts.org\/coreopsis\/spring-2016-issuejourney-forward-melissa-pinol\/\">Journey Forward: Melissa Pinol<\/a><\/em>\n<ul>\n<li><a href=\"https:\/\/societyforritualarts.org\/coreopsis\/spring-2016-issuethe-legend-of-melissa-pinol\/\">The Legend (of Melissa) &#8211; Ivan&#8217;s response<\/a><\/li>\n<\/ul>\n<\/li>\n<\/ul>\n<p><span style=\"color: #000000;\">A shaman thanks folklorist Ivan Szendro for inspiring her life-or-death healing journey.<\/span><\/p>\n<p><span style=\"color: #000000;\">And: a folklorist offers a tribute in verse to shaman and Feri elder Melissa Pinol.<\/span><\/p>\n<p><span style=\"color: #000000;\"><strong><u>Papers<\/u><\/strong><\/span><\/p>\n<ul>\n<li><a href=\"https:\/\/societyforritualarts.org\/coreopsis\/spring-2016-issuethe-lyre-through-the-ages\/\">The Lyre Through the Age\u2013 Diana Rowan, Ph.D<\/a><\/li>\n<\/ul>\n<p><span style=\"color: #000000;\">Modern-day revivalists spiritual and sensual pleasures of this ancient musical instrument.<\/span><\/p>\n<ul>\n<li><a href=\"https:\/\/societyforritualarts.org\/coreopsis\/spring-2016-issuespeculative-fiction-in-the-aristotelian-age\/\">Speculative Fiction in the Aristotelian Age: Is the Literature of the Imagination the \u201cRepressed Transcendental\u201d or an Act of Rebellion? Lezlie Kinyon, Ph.D.<\/a><\/li>\n<\/ul>\n<p><span style=\"color: #000000;\">A story is a collaboration between teller and audience, writer and reader.\u00a0 Fiction is not only illusion, but collusion.<\/span><\/p>\n<ul>\n<li><a href=\"https:\/\/societyforritualarts.org\/coreopsis\/spring-2016-issuecharacterizing-camerons-eywa\/\">Cameron\u2019s Eywa: Environmentalism as Engaged via Religious Naturalism and Supernatural Interventionism in Avatar by Katelynn E. Carver, University of St Andrews<\/a><\/li>\n<\/ul>\n<p><span style=\"color: #000000;\">Given the film&#8217;s powerful supernatural elements, how accurately does James Cameron&#8217;s <em>Avatar<\/em> present the basic tenets of religious naturalism?<\/span><\/p>\n<p><span style=\"color: #000000;\"><strong><u>Artists Profiles Interviews<\/u><\/strong><\/span><\/p>\n<ul>\n<li><a href=\"https:\/\/societyforritualarts.org\/coreopsis\/spring-2016-issuearthur-rackham-painter-of-faerie\/\">Arthur Rackaham: Painter of Faerie<\/a><\/li>\n<\/ul>\n<p>\u201cI cannot remember the time when I hadn\u2019t a pencil in my hand and from the very first my bent was toward the fantastic and the imaginative,\u201d he recalled in 1907. (Ismann, 2003)<\/p>\n<ul>\n<li><a href=\"https:\/\/societyforritualarts.org\/coreopsis\/spring-2016-issuechristina-pateros-dreaming-grace\/\">Christina Pateros: Dreaming Grace by Joanne Becker<\/a><\/li>\n<\/ul>\n<p><span style=\"color: #000000;\">\u201cThere\u2019s so much power in acknowledging what is. All of it, so that nothing stays hidden.\u201d<\/span><\/p>\n<ul>\n<li><span style=\"color: #000000;\"><em><a href=\"https:\/\/societyforritualarts.org\/coreopsis\/spring-2016-issuemichael-mullen-a-thousand-strings-fiddle-guitar-voice\/\">Michael Mullen: A Thousand Strings: Fiddle, Guitar, Voice\u00a0<\/a><\/em><\/span><\/li>\n<\/ul>\n<p><span style=\"color: #000000;\">\u201cI needed a good five-string violin that was an acoustic-electric instrument. Something that sounds acoustic even at high volume, without a bad feedback problem.\u201d<\/span><\/p>\n<p><span style=\"color: #000000;\"><strong><u>Gallery<\/u><\/strong><\/span><\/p>\n<ul>\n<li><span style=\"color: #000000;\"><a href=\"https:\/\/societyforritualarts.org\/coreopsis\/spring-2016-issuechristina-pateros-artist-gallery\/\">Paintings: Christina Pateros<\/a><\/span><\/li>\n<li><span style=\"color: #000000;\"><a href=\"https:\/\/societyforritualarts.org\/coreopsis\/spring-2016-issuemichael-mullen-artist-gallery\/\">Video and audio: Michael Mullen<\/a><\/span><\/li>\n<\/ul>\n<p><span style=\"color: #000000;\"><strong><u>Reviews<\/u><\/strong><u>:<\/u><\/span><\/p>\n<ul>\n<li><a href=\"https:\/\/societyforritualarts.org\/coreopsis\/spring-2016-issueethereal-restraint-a-review-of-eivors-bridges\/\">Michael Mullen Reviews Eiv\u00f8r P\u00e1lsd\u00f3ttir &#8220;Bridges&#8221;<\/a><\/li>\n<\/ul>\n<p><span style=\"color: #000000;\">Sometimes you need to let an album percolate in your mind \u2014 while cleaning the house.<\/span><\/p>\n<p><span style=\"color: #000000;\"><strong><u>Final word &#8211; Staff Musings<\/u><\/strong><\/span><\/p>\n<ul>\n<li><a href=\"https:\/\/societyforritualarts.org\/coreopsis\/spring-2016-issuefarewell-goblin-king\/\">Farewell Goblin King By Thea Artemis Kinyon Boodhoo<\/a><\/li>\n<\/ul>\n<p><span style=\"color: #000000;\">Dreaming of David Bowie.\u00a0 \u201cInstead of conforming, instead of letting fear force him into banality, he became David Bowie. A name with a weapon.\u201d<\/span><\/p>\n<p><span style=\"color: #000000;\"><strong><u>Announcements<\/u><\/strong><\/span><\/p>\n<p><span style=\"color: #000000;\"><strong><u>New releases<\/u><\/strong><\/span><\/p>\n<ul>\n<li><a href=\"https:\/\/societyforritualarts.org\/coreopsis\/spring-2016-issuebooks\/\">Books<\/a><\/li>\n<\/ul>\n<p><span style=\"color: #000000;\">New Books!<\/span><\/p>\n<ul>\n<li><a href=\"https:\/\/societyforritualarts.org\/coreopsis\/spring-2016-issuenew-music\/\">Music\u00a0<\/a><\/li>\n<\/ul>\n<p><span style=\"color: #000000;\">Recently released albums that will soothe our soul (or rile it up) by Sharon Knight &amp; Winter, Michael Mullen, Big Big Train, Still on the Hill, and Tim Rayborn.<\/span><\/p>\n<ul>\n<li><a href=\"https:\/\/societyforritualarts.org\/coreopsis\/spring-2016-issuestaff-releases\/\">Staff Releases<\/a><\/li>\n<\/ul>\n<p><span style=\"color: #000000;\">What the SRA volunteers and <em>Coreopsis<\/em> Editorial Staff have been doing.<\/span><\/p>\n<ul>\n<li><a href=\"https:\/\/societyforritualarts.org\/coreopsis\/spring-2016-issueconferences-and-festivals\/\">Conferences and Festivals<\/a><\/li>\n<\/ul>\n<p><strong><a href=\"https:\/\/societyforritualarts.org\/coreopsis\/spring-2016-issuethank-you\/\">Acknowledgements &amp; Thank Yous<\/a><\/strong><\/p>\n<p><span style=\"color: #000000;\"><strong><u>Copyright &amp; Reference<\/u><\/strong><\/span><\/p>\n<p><span style=\"color: #000000;\">Submission Guidelines:<\/span><\/p>\n<p><span style=\"color: #000000;\">Copyright <em>Coreopsis Journal of Myth &amp; Theater<\/em>, a publication of the <a style=\"color: #000000;\" href=\"http:\/\/societyforritualarts.org\/\">Society for Ritual Arts<\/a>, 2016 all rights reserved, Berkeley, Ca.<\/span><\/p>\n<p><span style=\"color: #000000;\">Reference: <em>\u00a0<\/em><\/span><\/p>\n<p><span style=\"color: #000000;\">General:<em> Coreopsis Journal of Myth &amp; Theatre, Faery Dreams\u2026 and, Dreaming of Faery<\/em> Spring 2016 Vol 5 # 1\u00a0 Ed.\u00a0 Lezlie A. Kinyon, <u>ISSN 2333-0627<\/u><\/span><\/p>\n<p><span style=\"color: #000000;\"><u>APA: Kinyon, L., Ph.D. (Ed.). (2016). <em>Coreopsis Journal of Myth &amp; Theatre,<\/em> <em>5<\/em>(1). Retrieved from <\/u><a style=\"color: #000000;\" href=\"http:\/\/societyforritualarts.com\/coreopsis\/society-for-ritual-arts\/\">http:\/\/societyforritualarts.com\/coreopsis\/<\/a>\u00a0<a style=\"color: #000000;\" href=\"http:\/\/societyforritualarts.com\/coreopsis\/society-for-ritual-arts\/\">\/<\/a><\/span><\/p>\n<p><span style=\"color: #000000;\"><u>MLA: Kinyon, Lezlie, Ph.D., ed. <em>Coreopsis Journal of Myth &amp; Theatre<\/em> 5.1 (2016). <em>Society for Ritual Arts<\/em>. Mar.-Apr. 2016. Web<\/u>\u00a0<u>.<\/u><\/span><\/p>\n<p><span style=\"color: #000000;\">The name <em>Coreopsis: A Journal of Myth and Theatre<\/em>, the format, and the website are the sole property of Lezlie A. Kinyon, Ph.D., Founding Editor, <u>Society for Ritual Arts Acting President<\/u>.<\/span><\/p>\n<p><span style=\"color: #000000;\">A twice-yearly (Spring and Autumn) publication of\u00a0 The Society for Ritual Arts and are copyrighted under United States and international law.<\/span><\/p>\n<p><span style=\"color: #000000;\">For technical issues concerning the website, please contact:<\/span><\/p>\n<p><span style=\"color: #000000;\">Tatyanna Wilkinson, Technical Advisor<\/span><br \/>\n<span style=\"color: #000000;\"> tatyannamw@gmail.com<\/span><br \/>\n<span style=\"color: #000000;\"> Egeria Consulting<\/span><br \/>\n<span style=\"color: #000000;\"> or Thea Kinyon, Web Designer<\/span><br \/>\n<span style=\"color: #000000;\"> tharkibo@gmail.com<\/span><\/p>\n<p><span style=\"color: #000000;\">For questions regarding copyright please contact:<\/span><br \/>\n<span style=\"color: #000000;\"> Rev. Denise D. Dumars, M.A., Author&#8217;s Liaison<\/span><br \/>\n<span style=\"color: #000000;\"> Authors&#8217; Representative, Ashley Grayson Literary Agency, Retired.<\/span><br \/>\n<span style=\"color: #000000;\"> DDumars@lbcc.edu, eerieaerie@hotmail.com<\/span><\/p>\n<h2><span style=\"color: #000000;\">Thank you, see you next issue!<\/span><\/h2>\n","protected":false},"excerpt":{"rendered":"<p>Spring 2016 Vol 5 No 1 ISSN 2333-0627 Faery Dreams\u2026 and, Dreaming of Faery \u201cPicture yourself, for instance curled up all cozy in your blankets in the bole or the roots of a fairy tree. Or lying in a gently rocking boat sailing to Tir Nan Og. Or lazily sipping elf-wine by a warm fire.<br \/><a class=\"moretag\" href=\"https:\/\/societyforritualarts.org\/coreopsis\/spring-2016-issue\/table-of-contents\/\">+ Read More<\/a><\/p>\n","protected":false},"author":2,"featured_media":0,"parent":0,"menu_order":0,"comment_status":"closed","ping_status":"closed","template":"template_parts\/page-fullwidth_template.php","meta":{"nf_dc_page":"","_monsterinsights_skip_tracking":false,"_monsterinsights_sitenote_active":false,"_monsterinsights_sitenote_note":"","_monsterinsights_sitenote_category":0,"footnotes":""},"class_list":["post-13","page","type-page","status-publish","hentry"],"yoast_head":"<!-- This site is optimized with the Yoast SEO plugin v27.4 - https:\/\/yoast.com\/product\/yoast-seo-wordpress\/ -->\n<title>Table of Contents &#187; Coreopsis Journal Spring 2016<\/title>\n<meta name=\"robots\" content=\"index, follow, max-snippet:-1, max-image-preview:large, max-video-preview:-1\" \/>\n<link rel=\"canonical\" href=\"https:\/\/societyforritualarts.org\/coreopsis\/spring-2016-issue\/table-of-contents\/\" \/>\n<meta property=\"og:locale\" content=\"en_US\" \/>\n<meta property=\"og:type\" content=\"article\" \/>\n<meta property=\"og:title\" content=\"Table of Contents &#187; Coreopsis Journal Spring 2016\" \/>\n<meta property=\"og:description\" content=\"Spring 2016 Vol 5 No 1 ISSN 2333-0627 Faery Dreams\u2026 and, Dreaming of Faery \u201cPicture yourself, for instance curled up all cozy in your blankets in the bole or the roots of a fairy tree. Or lying in a gently rocking boat sailing to Tir Nan Og. Or lazily sipping elf-wine by a warm fire.+ Read More\" \/>\n<meta property=\"og:url\" content=\"https:\/\/societyforritualarts.org\/coreopsis\/spring-2016-issue\/table-of-contents\/\" \/>\n<meta property=\"og:site_name\" content=\"Coreopsis Journal Spring 2016\" \/>\n<meta property=\"article:publisher\" content=\"https:\/\/www.facebook.com\/Coreopsis-a-Journal-of-Myth-Theatre-893367417343248\/\" \/>\n<meta property=\"article:modified_time\" content=\"2016-04-02T04:15:39+00:00\" \/>\n<meta name=\"twitter:card\" content=\"summary_large_image\" \/>\n<meta name=\"twitter:site\" content=\"@MythAndTheatre\" \/>\n<meta name=\"twitter:label1\" content=\"Est. reading time\" \/>\n\t<meta name=\"twitter:data1\" content=\"4 minutes\" \/>\n<script type=\"application\/ld+json\" class=\"yoast-schema-graph\">{\"@context\":\"https:\\\/\\\/schema.org\",\"@graph\":[{\"@type\":\"WebPage\",\"@id\":\"https:\\\/\\\/societyforritualarts.org\\\/coreopsis\\\/spring-2016-issue\\\/table-of-contents\\\/\",\"url\":\"https:\\\/\\\/societyforritualarts.org\\\/coreopsis\\\/spring-2016-issue\\\/table-of-contents\\\/\",\"name\":\"Table of Contents &#187; Coreopsis Journal Spring 2016\",\"isPartOf\":{\"@id\":\"https:\\\/\\\/societyforritualarts.org\\\/coreopsis\\\/spring-2016-issue\\\/#website\"},\"datePublished\":\"2016-03-30T01:59:16+00:00\",\"dateModified\":\"2016-04-02T04:15:39+00:00\",\"breadcrumb\":{\"@id\":\"https:\\\/\\\/societyforritualarts.org\\\/coreopsis\\\/spring-2016-issue\\\/table-of-contents\\\/#breadcrumb\"},\"inLanguage\":\"en-US\",\"potentialAction\":[{\"@type\":\"ReadAction\",\"target\":[\"https:\\\/\\\/societyforritualarts.org\\\/coreopsis\\\/spring-2016-issue\\\/table-of-contents\\\/\"]}]},{\"@type\":\"BreadcrumbList\",\"@id\":\"https:\\\/\\\/societyforritualarts.org\\\/coreopsis\\\/spring-2016-issue\\\/table-of-contents\\\/#breadcrumb\",\"itemListElement\":[{\"@type\":\"ListItem\",\"position\":1,\"name\":\"Home\",\"item\":\"https:\\\/\\\/societyforritualarts.org\\\/coreopsis\\\/spring-2016-issue\\\/\"},{\"@type\":\"ListItem\",\"position\":2,\"name\":\"Table of Contents\"}]},{\"@type\":\"WebSite\",\"@id\":\"https:\\\/\\\/societyforritualarts.org\\\/coreopsis\\\/spring-2016-issue\\\/#website\",\"url\":\"https:\\\/\\\/societyforritualarts.org\\\/coreopsis\\\/spring-2016-issue\\\/\",\"name\":\"Coreopsis Journal of Myth &amp; Theatre\",\"description\":\"Faery Dreams... and, Dreaming of Faery\",\"potentialAction\":[{\"@type\":\"SearchAction\",\"target\":{\"@type\":\"EntryPoint\",\"urlTemplate\":\"https:\\\/\\\/societyforritualarts.org\\\/coreopsis\\\/spring-2016-issue\\\/?s={search_term_string}\"},\"query-input\":{\"@type\":\"PropertyValueSpecification\",\"valueRequired\":true,\"valueName\":\"search_term_string\"}}],\"inLanguage\":\"en-US\"}]}<\/script>\n<!-- \/ Yoast SEO plugin. -->","yoast_head_json":{"title":"Table of Contents &#187; Coreopsis Journal Spring 2016","robots":{"index":"index","follow":"follow","max-snippet":"max-snippet:-1","max-image-preview":"max-image-preview:large","max-video-preview":"max-video-preview:-1"},"canonical":"https:\/\/societyforritualarts.org\/coreopsis\/spring-2016-issue\/table-of-contents\/","og_locale":"en_US","og_type":"article","og_title":"Table of Contents &#187; Coreopsis Journal Spring 2016","og_description":"Spring 2016 Vol 5 No 1 ISSN 2333-0627 Faery Dreams\u2026 and, Dreaming of Faery \u201cPicture yourself, for instance curled up all cozy in your blankets in the bole or the roots of a fairy tree. Or lying in a gently rocking boat sailing to Tir Nan Og. Or lazily sipping elf-wine by a warm fire.+ Read More","og_url":"https:\/\/societyforritualarts.org\/coreopsis\/spring-2016-issue\/table-of-contents\/","og_site_name":"Coreopsis Journal Spring 2016","article_publisher":"https:\/\/www.facebook.com\/Coreopsis-a-Journal-of-Myth-Theatre-893367417343248\/","article_modified_time":"2016-04-02T04:15:39+00:00","twitter_card":"summary_large_image","twitter_site":"@MythAndTheatre","twitter_misc":{"Est. reading time":"4 minutes"},"schema":{"@context":"https:\/\/schema.org","@graph":[{"@type":"WebPage","@id":"https:\/\/societyforritualarts.org\/coreopsis\/spring-2016-issue\/table-of-contents\/","url":"https:\/\/societyforritualarts.org\/coreopsis\/spring-2016-issue\/table-of-contents\/","name":"Table of Contents &#187; Coreopsis Journal Spring 2016","isPartOf":{"@id":"https:\/\/societyforritualarts.org\/coreopsis\/spring-2016-issue\/#website"},"datePublished":"2016-03-30T01:59:16+00:00","dateModified":"2016-04-02T04:15:39+00:00","breadcrumb":{"@id":"https:\/\/societyforritualarts.org\/coreopsis\/spring-2016-issue\/table-of-contents\/#breadcrumb"},"inLanguage":"en-US","potentialAction":[{"@type":"ReadAction","target":["https:\/\/societyforritualarts.org\/coreopsis\/spring-2016-issue\/table-of-contents\/"]}]},{"@type":"BreadcrumbList","@id":"https:\/\/societyforritualarts.org\/coreopsis\/spring-2016-issue\/table-of-contents\/#breadcrumb","itemListElement":[{"@type":"ListItem","position":1,"name":"Home","item":"https:\/\/societyforritualarts.org\/coreopsis\/spring-2016-issue\/"},{"@type":"ListItem","position":2,"name":"Table of Contents"}]},{"@type":"WebSite","@id":"https:\/\/societyforritualarts.org\/coreopsis\/spring-2016-issue\/#website","url":"https:\/\/societyforritualarts.org\/coreopsis\/spring-2016-issue\/","name":"Coreopsis Journal of Myth &amp; Theatre","description":"Faery Dreams... and, Dreaming of Faery","potentialAction":[{"@type":"SearchAction","target":{"@type":"EntryPoint","urlTemplate":"https:\/\/societyforritualarts.org\/coreopsis\/spring-2016-issue\/?s={search_term_string}"},"query-input":{"@type":"PropertyValueSpecification","valueRequired":true,"valueName":"search_term_string"}}],"inLanguage":"en-US"}]}},"jetpack_shortlink":"https:\/\/wp.me\/P7gkrJ-d","jetpack_sharing_enabled":true,"_links":{"self":[{"href":"https:\/\/societyforritualarts.org\/coreopsis\/spring-2016-issue\/wp-json\/wp\/v2\/pages\/13","targetHints":{"allow":["GET"]}}],"collection":[{"href":"https:\/\/societyforritualarts.org\/coreopsis\/spring-2016-issue\/wp-json\/wp\/v2\/pages"}],"about":[{"href":"https:\/\/societyforritualarts.org\/coreopsis\/spring-2016-issue\/wp-json\/wp\/v2\/types\/page"}],"author":[{"embeddable":true,"href":"https:\/\/societyforritualarts.org\/coreopsis\/spring-2016-issue\/wp-json\/wp\/v2\/users\/2"}],"replies":[{"embeddable":true,"href":"https:\/\/societyforritualarts.org\/coreopsis\/spring-2016-issue\/wp-json\/wp\/v2\/comments?post=13"}],"version-history":[{"count":5,"href":"https:\/\/societyforritualarts.org\/coreopsis\/spring-2016-issue\/wp-json\/wp\/v2\/pages\/13\/revisions"}],"predecessor-version":[{"id":276,"href":"https:\/\/societyforritualarts.org\/coreopsis\/spring-2016-issue\/wp-json\/wp\/v2\/pages\/13\/revisions\/276"}],"wp:attachment":[{"href":"https:\/\/societyforritualarts.org\/coreopsis\/spring-2016-issue\/wp-json\/wp\/v2\/media?parent=13"}],"curies":[{"name":"wp","href":"https:\/\/api.w.org\/{rel}","templated":true}]}}